{"id":3843,"date":"2025-04-30T21:47:21","date_gmt":"2025-04-30T21:47:21","guid":{"rendered":"https:\/\/fuvi.org\/?page_id=3843"},"modified":"2025-05-09T15:36:10","modified_gmt":"2025-05-09T15:36:10","slug":"mentions-legales","status":"publish","type":"page","link":"https:\/\/fuvi.org\/fr\/mentions-legales\/","title":{"rendered":"MENTIONS L\u00c9GALES"},"content":{"rendered":"<section data-bb-version=\"5.3.5\" id=\"bt_bb_section69e9d678c034a\" class=\"bt_bb_section bt_bb_layout_boxed_1200 bt_bb_vertical_align_top bt_bb_top_spacing_large bt_bb_bottom_spacing_large\"  data-bt-override-class=\"{&quot;bt_bb_top_spacing_&quot;:{&quot;current_class&quot;:&quot;bt_bb_top_spacing_large&quot;,&quot;xxl&quot;:&quot;large&quot;},&quot;bt_bb_bottom_spacing_&quot;:{&quot;current_class&quot;:&quot;bt_bb_bottom_spacing_large&quot;,&quot;xxl&quot;:&quot;large&quot;},&quot;bt_bb_animation_&quot;:{&quot;current_class&quot;:&quot;bt_bb_animation_no_animation&quot;,&quot;xxl&quot;:&quot;no_animation&quot;}}\"><div class=\"bt_bb_port\"><div class=\"bt_bb_cell\"><div class=\"bt_bb_cell_inner\"><div class=\"bt_bb_row \"  data-bt-override-class=\"{}\"><div class=\"bt_bb_row_holder\" ><div data-bb-version=\"5.3.2\"  class=\"bt_bb_column col-xl-12 col-xs-12 col-sm-12 col-md-12 col-lg-12 bt_bb_align_left bt_bb_padding_normal\"  data-width=\"12\" data-bt-override-class=\"{}\"><div class=\"bt_bb_column_content bt_bb_vertical_align_top bt_bb_color_scheme_\"><div class=\"bt_bb_column_content_inner\"><div data-bb-version=\"5.3.2\"  class=\"bt_bb_text\" ><\/p>\n<p><span style=\"font-weight: 400;\">Le pr\u00e9sent Site internet est \u00e9dit\u00e9 par\u00a0:<\/span><\/p>\n<p><span style=\"font-weight: 400;\">Fonds Ukrainien des Volontaires Internationaux (FUVI), association loi 1901 enregistr\u00e9e au Registre National des Associations sous le num\u00e9ro <\/span><span style=\"font-weight: 400;\">W751264406<\/span><span style=\"font-weight: 400;\">, dont le si\u00e8ge est situ\u00e9 7\/11 place des Martyrs du Lyc\u00e9e Buffon \u2013 75014 Paris<\/span><\/p>\n<p><span style=\"font-weight: 400;\">En application du Code fran\u00e7ais de la Propri\u00e9t\u00e9 Intellectuelle, il est interdit pour un usage autre qu\u2019un usage \u00e0 titre priv\u00e9 de reproduire, vendre, distribuer, \u00e9mettre, diffuser, adapter, modifier, publier, communiquer int\u00e9gralement ou partiellement, sous quelque forme que ce soit, les donn\u00e9es, la pr\u00e9sentation ou l&rsquo;organisation du site, ou les \u0153uvres prot\u00e9g\u00e9es par le droit d&rsquo;auteur qui figurent sur le site FUVI sans autorisation \u00e9crite particuli\u00e8re et pr\u00e9alable de FUVI.<\/span><\/p>\n<p><span style=\"font-weight: 400;\">Le site peut contenir des liens hypertextes vers d&rsquo;autres sites pr\u00e9sents sur le r\u00e9seau Internet. Les liens vers ces autres ressources vous font quitter le site https:\/\/fuvi.org\/. Il est possible de cr\u00e9er un lien vers la page de pr\u00e9sentation de ce site sans autorisation expresse de l&rsquo;association FUVI. Aucune autorisation ou demande d\u2019information pr\u00e9alable ne peut \u00eatre exig\u00e9e par l\u2019\u00e9diteur \u00e0 l\u2019\u00e9gard d\u2019un site qui souhaite \u00e9tablir un lien vers le site de l\u2019\u00e9diteur.<\/span><\/p>\n<p><span style=\"font-weight: 400;\">Les pr\u00e9sentes mentions l\u00e9gales sont r\u00e9gies par le droit fran\u00e7ais. Tout litige ou contestation concernant l\u2019interpr\u00e9tation ou l\u2019ex\u00e9cution des pr\u00e9sentes sera port\u00e9 devant les tribunaux comp\u00e9tents.<\/span><\/p>\n<p>\n<\/div><\/div><\/div><\/div><\/div><\/div><\/div><!-- cell_inner --><\/div><!-- cell --><\/div><!-- port --><\/section>\n","protected":false},"excerpt":{"rendered":"","protected":false},"author":1,"featured_media":0,"parent":0,"menu_order":0,"comment_status":"closed","ping_status":"closed","template":"","meta":{"footnotes":""},"class_list":["post-3843","page","type-page","status-publish","hentry"],"_links":{"self":[{"href":"https:\/\/fuvi.org\/fr\/wp-json\/wp\/v2\/pages\/3843","targetHints":{"allow":["GET"]}}],"collection":[{"href":"https:\/\/fuvi.org\/fr\/wp-json\/wp\/v2\/pages"}],"about":[{"href":"https:\/\/fuvi.org\/fr\/wp-json\/wp\/v2\/types\/page"}],"author":[{"embeddable":true,"href":"https:\/\/fuvi.org\/fr\/wp-json\/wp\/v2\/users\/1"}],"replies":[{"embeddable":true,"href":"https:\/\/fuvi.org\/fr\/wp-json\/wp\/v2\/comments?post=3843"}],"version-history":[{"count":2,"href":"https:\/\/fuvi.org\/fr\/wp-json\/wp\/v2\/pages\/3843\/revisions"}],"predecessor-version":[{"id":5375,"href":"https:\/\/fuvi.org\/fr\/wp-json\/wp\/v2\/pages\/3843\/revisions\/5375"}],"wp:attachment":[{"href":"https:\/\/fuvi.org\/fr\/wp-json\/wp\/v2\/media?parent=3843"}],"curies":[{"name":"wp","href":"https:\/\/api.w.org\/{rel}","templated":true}]}}