{"id":1345,"date":"2018-09-19T12:33:32","date_gmt":"2018-09-19T12:33:32","guid":{"rendered":"http:\/\/law-firm.bold-themes.com\/master-import\/?page_id=1345"},"modified":"2025-05-09T11:09:58","modified_gmt":"2025-05-09T11:09:58","slug":"dons","status":"publish","type":"page","link":"https:\/\/fuvi.org\/fr\/dons\/","title":{"rendered":"Dons"},"content":{"rendered":"<section data-bb-version=\"4.9.1\" id=\"bt_bb_section69e49a9f3181e\" class=\"bt_bb_section bt_bb_layout_boxed_1200 bt_bb_top_spacing_normal bt_bb_bottom_spacing_normal\"  data-bt-override-class=\"{&quot;bt_bb_top_spacing_&quot;:{&quot;current_class&quot;:&quot;bt_bb_top_spacing_normal&quot;,&quot;xxl&quot;:&quot;normal&quot;},&quot;bt_bb_bottom_spacing_&quot;:{&quot;current_class&quot;:&quot;bt_bb_bottom_spacing_normal&quot;,&quot;xxl&quot;:&quot;normal&quot;}}\"><div class=\"bt_bb_port\"><div class=\"bt_bb_cell\"><div class=\"bt_bb_cell_inner\"><div class=\"bt_bb_row \"  data-bt-override-class=\"{}\"><div class=\"bt_bb_row_holder\" ><div data-bb-version=\"4.9.1\"  class=\"bt_bb_column col-xl-6 col-xs-12 col-sm-6 col-md-6 col-lg-6 bt_bb_align_left bt_bb_padding_normal\"  data-width=\"6\" data-bt-override-class=\"{}\"><div class=\"bt_bb_column_content bt_bb_vertical_align_top bt_bb_color_scheme_\"><div class=\"bt_bb_column_content_inner\"><div class=\"bt_bb_price_list bt_bb_color_scheme_6\" style=\"; --price-list-primary-color:#ffffff; --price-list-secondary-color:#0057b7;\"><div class=\"bt_bb_price_list_icon\"><span  data-ico-icon7stroke=\"&#xe68c;\" class=\"bt_bb_icon_holder\"><\/span><\/div><div class=\"bt_bb_price_list_title\">FONDS UKRAINIEN DES VOLUNTAIRES INTERNATIONAUX.<\/div><div class=\"bt_bb_price_list_price\"><span class=\"bt_bb_price_list_amount\">Depuis 50\u20ac<\/span><\/div><div class=\"bt_bb_price_list_text\">Votre don favorise un soutien direct aux victimes et aux communaut\u00e9s vuln\u00e9rables affect\u00e9es par l\u2019invasion russe.<br \/>\nParall\u00e8lement, il encourage le dialogue entre diff\u00e9rents groupes dans le but de construire un avenir stable, durable et en paix juste.<\/div><\/div><div data-bb-version=\"4.9.1\" class=\"bt_bb_image bt_bb_shape_square bt_bb_target_self bt_bb_align_inherit bt_bb_hover_style_simple bt_bb_content_display_always bt_bb_content_align_middle\" data-bt-override-class=\"{&quot;bt_bb_align_&quot;:{&quot;current_class&quot;:&quot;bt_bb_align_inherit&quot;,&quot;xxl&quot;:&quot;inherit&quot;},&quot;bt_bb_content_display_&quot;:{&quot;current_class&quot;:&quot;bt_bb_content_display_always&quot;,&quot;xxl&quot;:&quot;always&quot;}}\"><span><img loading=\"lazy\" decoding=\"async\" width=\"1200\" height=\"675\" src=\"https:\/\/fuvi.org\/wp-content\/uploads\/2025\/04\/header-blog.jpg\" class=\"attachment-full size-full\" alt=\"https:\/\/fuvi.org\/wp-content\/uploads\/2025\/04\/header-blog.jpg\" data-full_image_src=\"https:\/\/fuvi.org\/wp-content\/uploads\/2025\/04\/header-blog.jpg\" title=\"header-blog\" srcset=\"https:\/\/fuvi.org\/wp-content\/uploads\/2025\/04\/header-blog.jpg 1200w, https:\/\/fuvi.org\/wp-content\/uploads\/2025\/04\/header-blog-600x338.jpg 600w, https:\/\/fuvi.org\/wp-content\/uploads\/2025\/04\/header-blog-640x360.jpg 640w, https:\/\/fuvi.org\/wp-content\/uploads\/2025\/04\/header-blog-768x432.jpg 768w, https:\/\/fuvi.org\/wp-content\/uploads\/2025\/04\/header-blog-320x180.jpg 320w\" sizes=\"auto, (max-width: 1200px) 100vw, 1200px\" \/><\/span><\/div><\/div><\/div><\/div><div data-bb-version=\"4.9.1\"  class=\"bt_bb_column col-xl-6 col-xs-12 col-sm-6 col-md-6 col-lg-6 bt_bb_align_left bt_bb_padding_normal\"  data-width=\"6\" data-bt-override-class=\"{}\"><div class=\"bt_bb_column_content bt_bb_vertical_align_top bt_bb_color_scheme_\"><div class=\"bt_bb_column_content_inner\"><div class=\"bt_bb_raw_content\"><script src=\"https:\/\/donorbox.org\/widget.js\" paypalExpress=\"false\"><\/script> <iframe loading=\"lazy\" src=\"https:\/\/donorbox.org\/embed\/don-pour-le-fonds-ukrainien-des-volontaires-internationaux?default_interval=o&hide_donation_meter=true\" name=\"donorbox\" allowpaymentrequest=\"allowpaymentrequest\" seamless=\"seamless\" frameborder=\"0\" scrolling=\"no\" height=\"900px\" width=\"100%\" style=\"max-width: 500px; min-width: 250px; max-height:none!important\" allow=\"payment\"><\/iframe><\/div><\/div><\/div><\/div><\/div><\/div><\/div><!-- cell_inner --><\/div><!-- cell --><\/div><!-- port --><\/section>\n","protected":false},"excerpt":{"rendered":"","protected":false},"author":2,"featured_media":3678,"parent":0,"menu_order":0,"comment_status":"closed","ping_status":"closed","template":"","meta":{"footnotes":""},"class_list":["post-1345","page","type-page","status-publish","has-post-thumbnail","hentry"],"_links":{"self":[{"href":"https:\/\/fuvi.org\/fr\/wp-json\/wp\/v2\/pages\/1345","targetHints":{"allow":["GET"]}}],"collection":[{"href":"https:\/\/fuvi.org\/fr\/wp-json\/wp\/v2\/pages"}],"about":[{"href":"https:\/\/fuvi.org\/fr\/wp-json\/wp\/v2\/types\/page"}],"author":[{"embeddable":true,"href":"https:\/\/fuvi.org\/fr\/wp-json\/wp\/v2\/users\/2"}],"replies":[{"embeddable":true,"href":"https:\/\/fuvi.org\/fr\/wp-json\/wp\/v2\/comments?post=1345"}],"version-history":[{"count":15,"href":"https:\/\/fuvi.org\/fr\/wp-json\/wp\/v2\/pages\/1345\/revisions"}],"predecessor-version":[{"id":5290,"href":"https:\/\/fuvi.org\/fr\/wp-json\/wp\/v2\/pages\/1345\/revisions\/5290"}],"wp:featuredmedia":[{"embeddable":true,"href":"https:\/\/fuvi.org\/fr\/wp-json\/wp\/v2\/media\/3678"}],"wp:attachment":[{"href":"https:\/\/fuvi.org\/fr\/wp-json\/wp\/v2\/media?parent=1345"}],"curies":[{"name":"wp","href":"https:\/\/api.w.org\/{rel}","templated":true}]}}