{"id":13,"date":"2018-09-10T12:48:22","date_gmt":"2018-09-10T12:48:22","guid":{"rendered":"http:\/\/law-firm.bold-themes.com\/master-import\/?page_id=13"},"modified":"2025-05-12T08:39:09","modified_gmt":"2025-05-12T08:39:09","slug":"contact","status":"publish","type":"page","link":"https:\/\/fuvi.org\/fr\/about-us\/contact\/","title":{"rendered":"Contact"},"content":{"rendered":"<p><section id=\"bt_bb_section69e73a83b5a77\" class=\"bt_bb_section bt_bb_layout_boxed_1200 bt_bb_vertical_align_top bt_bb_video bt_bb_hide_video_on_mobile bt_bb_top_spacing_large bt_bb_bottom_spacing_large\"  data-bt-override-class=\"null\"><video autoplay loop muted playsinline onplay=\"if ( window.bt_bb_video_callback ) { window.bt_bb_video_callback( this ); } else { let t = this; jQuery( document ).ready(function() { window.bt_bb_video_callback( t ); }); }\"><source src=\"https:\/\/fuvi.org\/wp-content\/uploads\/2025\/04\/fuvi.mp4\" type=\"video\/mp4\"><\/video><div class=\"bt_bb_background_image_holder_wrapper\"><div class=\"bt_bb_background_image_holder btLazyLoadBackground bt_bb_parallax\"  data-background_image_src=\"https:\/\/fuvi.org\/wp-content\/uploads\/2025\/04\/cover-scaled.jpg\" data-parallax=\"0.7\" data-parallax-offset=\"0\" data-parallax-zoom-start=\"1\" data-parallax-zoom-end=\"1\" data-parallax-blur-start=\"0\" data-parallax-blur-end=\"0\" data-parallax-opacity-start=\"1\" data-parallax-opacity-end=\"1\" style=\" background-image: url(&#039;https:\/\/fuvi.org\/wp-content\/plugins\/bold-page-builder\/img\/blank.gif&#039;);\"><\/div><\/div><div class=\"bt_bb_port\"><div class=\"bt_bb_cell\"><div class=\"bt_bb_cell_inner\"><div class=\"bt_bb_row \"  data-bt-override-class=\"{}\"><div class=\"bt_bb_row_holder\" ><div  class=\"bt_bb_column col-xl-12 bt_bb_align_center bt_bb_padding_normal\"  data-width=\"12\" data-bt-override-class=\"{}\"><div class=\"bt_bb_column_content bt_bb_vertical_align_top bt_bb_color_scheme_\"><div class=\"bt_bb_column_content_inner\"><div class=\"bt_bb_separator bt_bb_border_style_none bt_bb_bottom_spacing_large bt_bb_hidden_xs bt_bb_hidden_ms bt_bb_hidden_sm\" data-bt-override-class=\"null\"><\/div><header class=\"bt_bb_headline bt_bb_color_scheme_1 bt_bb_dash_none bt_bb_size_extralarge bt_bb_align_inherit\" style=\"; --primary-color:#ffffff; --secondary-color:#191919;\" data-bt-override-class=\"{}\"><h3 class=\"bt_bb_headline_tag\"><span class=\"bt_bb_headline_content\"><span>Contact<\/span><\/span><\/h3><\/header><div class=\"bt_bb_separator bt_bb_border_style_none bt_bb_top_spacing_normal bt_bb_bottom_spacing_large bt_bb_hidden_xs bt_bb_hidden_ms bt_bb_hidden_sm\" data-bt-override-class=\"null\"><\/div><\/div><\/div><\/div><\/div><\/div><\/div><!-- cell_inner --><\/div><!-- cell --><\/div><!-- port --><\/section><section id=\"bt_bb_section69e73a83b5e6b\" class=\"bt_bb_section bt_bb_layout_wide bt_bb_vertical_align_top bt_bb_negative_margin_large\"  data-bt-override-class=\"null\"><div class=\"bt_bb_port\"><div class=\"bt_bb_cell\"><div class=\"bt_bb_cell_inner\"><div class=\"bt_bb_row  bt_bb_layout_special btOverlapLeft\"  data-bt-override-class=\"{}\"><div class=\"bt_bb_row_holder\" ><div  class=\"bt_bb_column col-xl-6 btWithIcon bt_bb_align_right bt_bb_padding_normal\"  data-width=\"6\" data-bt-override-class=\"{}\"><div class=\"bt_bb_column_content bt_bb_vertical_align_top bt_bb_color_scheme_\"><div class=\"bt_bb_column_icon\"><span  data-ico-icon7stroke=\"&#xe62c;\" class=\"bt_bb_icon_holder\"><\/span><\/div><div class=\"bt_bb_column_content_inner\"><header class=\"bt_bb_headline bt_bb_color_scheme_13 bt_bb_dash_none bt_bb_superheadline bt_bb_size_medium bt_bb_align_inherit\" style=\"; --primary-color:#0057b7; --secondary-color:#fdf000;\" data-bt-override-class=\"{}\"><h3 class=\"bt_bb_headline_tag\"><span class=\"bt_bb_headline_superheadline\">FONDS UKRANIEN DES VOLONTAIRES INTERNATIONAUX.<\/span><span class=\"bt_bb_headline_content\"><span>Rejoignez notre cause pour d\u00e9fendre les droits de ceux qui en ont le plus besoin : les victimes de la guerre.<\/p><br \/>\n<p>Laissez vos coordonn\u00e9es et devenez acteur du changement vers une soci\u00e9t\u00e9 plus juste, o\u00f9 la v\u00e9rit\u00e9, la m\u00e9moire et la justice ne sont jamais oubli\u00e9es.<br \/><br \/>\n<\/span><\/span><\/h3><\/header><div class=\"bt_bb_separator bt_bb_border_style_none bt_bb_top_spacing_small bt_bb_bottom_spacing_normal\" data-bt-override-class=\"null\"><\/div><\/div><\/div><\/div><div  class=\"bt_bb_column col-xl-6 bt_bb_align_left bt_bb_padding_normal\"  data-width=\"6\" data-bt-override-class=\"{}\"><div class=\"bt_bb_column_content bt_bb_vertical_align_top bt_bb_color_scheme_ bt_bb_column_background_image\" style=\"background-image:url(&#039;https:\/\/fuvi.org\/wp-content\/uploads\/2025\/04\/contact-bg.jpg&#039;);\"><div class=\"bt_bb_column_content_inner\"><div class=\"bt_bb_separator bt_bb_border_style_none bt_bb_bottom_spacing_large\" data-bt-override-class=\"null\"><\/div><header class=\"bt_bb_headline bt_bb_color_scheme_2 bt_bb_dash_none bt_bb_superheadline bt_bb_size_medium bt_bb_align_inherit btNoHeadline\" style=\"; --primary-color:#191919; --secondary-color:#ffffff;;color:rgb(255,255,255);border-color:rgb(255,255,255);\" data-bt-override-class=\"{}\"><h3 class=\"bt_bb_headline_tag\"><span class=\"bt_bb_headline_superheadline\">DEVENIR MEMBRE<\/span><\/h3><\/header><div class=\"bt_bb_separator bt_bb_border_style_none bt_bb_bottom_spacing_normal\" data-bt-override-class=\"null\"><\/div><div class=\"bt_bb_contact_form_7\">\n<div class=\"wpcf7 no-js\" id=\"wpcf7-f3420-o1\" lang=\"fr-FR\" dir=\"ltr\" data-wpcf7-id=\"3420\">\n<div class=\"screen-reader-response\"><p role=\"status\" aria-live=\"polite\" aria-atomic=\"true\"><\/p> <ul><\/ul><\/div>\n<form action=\"\/fr\/wp-json\/wp\/v2\/pages\/13#wpcf7-f3420-o1\" method=\"post\" class=\"wpcf7-form init\" aria-label=\"Formulaire de contact\" novalidate=\"novalidate\" data-status=\"init\">\n<div style=\"display: none;\">\n<input type=\"hidden\" name=\"_wpcf7\" value=\"3420\" \/>\n<input type=\"hidden\" name=\"_wpcf7_version\" value=\"6.0.6\" \/>\n<input type=\"hidden\" name=\"_wpcf7_locale\" value=\"fr_FR\" \/>\n<input type=\"hidden\" name=\"_wpcf7_unit_tag\" value=\"wpcf7-f3420-o1\" \/>\n<input type=\"hidden\" name=\"_wpcf7_container_post\" value=\"0\" \/>\n<input type=\"hidden\" name=\"_wpcf7_posted_data_hash\" value=\"\" \/>\n<\/div>\n<div class=\"btForm btCallback\">\n\t<div class=\"btFormRow btFlex\">\n\t\t<div class=\"btFormColumn\">\n\t\t\t<p><span class=\"wpcf7-form-control-wrap\" data-name=\"your-name\"><input size=\"40\" maxlength=\"400\" class=\"wpcf7-form-control wpcf7-text wpcf7-validates-as-required\" aria-required=\"true\" aria-invalid=\"false\" placeholder=\"Nom et Pronom*\" value=\"\" type=\"text\" name=\"your-name\" \/><\/span>\n\t\t\t<\/p>\n\t\t<\/div>\n\t\t<div class=\"btFormColumn\">\n\t\t\t<p><span class=\"wpcf7-form-control-wrap\" data-name=\"your-email\"><input size=\"40\" maxlength=\"400\" class=\"wpcf7-form-control wpcf7-email wpcf7-validates-as-required wpcf7-text wpcf7-validates-as-email\" aria-required=\"true\" aria-invalid=\"false\" placeholder=\"E-mail*\" value=\"\" type=\"email\" name=\"your-email\" \/><\/span>\n\t\t\t<\/p>\n\t\t<\/div>\n\t<\/div>\n\t<div class=\"btFormRow\">\n\t\t<div class=\"btFormColumn\">\n\t\t\t<p><span class=\"wpcf7-form-control-wrap\" data-name=\"your-tel\"><input size=\"40\" maxlength=\"400\" class=\"wpcf7-form-control wpcf7-tel wpcf7-text wpcf7-validates-as-tel\" aria-invalid=\"false\" placeholder=\"T\u00e9l\u00e9phone\" value=\"\" type=\"tel\" name=\"your-tel\" \/><\/span>\n\t\t\t<\/p>\n\t\t<\/div>\n\t<\/div>\n\t<div class=\"btFormRow\">\n\t\t<div class=\"btFormColumn\">\n\t\t\t<p><span class=\"wpcf7-form-control-wrap\" data-name=\"your-message\"><textarea cols=\"40\" rows=\"10\" maxlength=\"2000\" class=\"wpcf7-form-control wpcf7-textarea wpcf7-validates-as-required\" aria-required=\"true\" aria-invalid=\"false\" placeholder=\"Message*\" name=\"your-message\"><\/textarea><\/span>\n\t\t\t<\/p>\n\t\t<\/div>\n\t<\/div>\n\t<div class=\"btFormButton\">\n\t\t<p><input class=\"wpcf7-form-control wpcf7-submit has-spinner\" type=\"submit\" value=\"SOUMETTRE\" \/>\n\t\t<\/p>\n\t<\/div>\n<\/div><div class=\"wpcf7-response-output\" aria-hidden=\"true\"><\/div>\n<\/form>\n<\/div>\n<\/div><\/div><\/div><\/div><\/div><\/div><\/div><!-- cell_inner --><\/div><!-- cell --><\/div><!-- port --><\/section><section id=\"bt_bb_section69e73a83b74ff\" class=\"bt_bb_section bt_bb_layout_wide bt_bb_vertical_align_top\"  data-bt-override-class=\"null\"><div class=\"bt_bb_port\"><div class=\"bt_bb_cell\"><div class=\"bt_bb_cell_inner\"><\/div><!-- cell_inner --><\/div><!-- cell --><\/div><!-- port --><\/section><\/p>\n","protected":false},"excerpt":{"rendered":"","protected":false},"author":2,"featured_media":0,"parent":11,"menu_order":0,"comment_status":"closed","ping_status":"closed","template":"","meta":{"footnotes":""},"class_list":["post-13","page","type-page","status-publish","hentry"],"_links":{"self":[{"href":"https:\/\/fuvi.org\/fr\/wp-json\/wp\/v2\/pages\/13","targetHints":{"allow":["GET"]}}],"collection":[{"href":"https:\/\/fuvi.org\/fr\/wp-json\/wp\/v2\/pages"}],"about":[{"href":"https:\/\/fuvi.org\/fr\/wp-json\/wp\/v2\/types\/page"}],"author":[{"embeddable":true,"href":"https:\/\/fuvi.org\/fr\/wp-json\/wp\/v2\/users\/2"}],"replies":[{"embeddable":true,"href":"https:\/\/fuvi.org\/fr\/wp-json\/wp\/v2\/comments?post=13"}],"version-history":[{"count":9,"href":"https:\/\/fuvi.org\/fr\/wp-json\/wp\/v2\/pages\/13\/revisions"}],"predecessor-version":[{"id":5412,"href":"https:\/\/fuvi.org\/fr\/wp-json\/wp\/v2\/pages\/13\/revisions\/5412"}],"up":[{"embeddable":true,"href":"https:\/\/fuvi.org\/fr\/wp-json\/wp\/v2\/pages\/11"}],"wp:attachment":[{"href":"https:\/\/fuvi.org\/fr\/wp-json\/wp\/v2\/media?parent=13"}],"curies":[{"name":"wp","href":"https:\/\/api.w.org\/{rel}","templated":true}]}}